{"id":531,"date":"2016-06-15T00:24:04","date_gmt":"2016-06-15T00:24:04","guid":{"rendered":"https:\/\/demo.thembay.com\/greenmart_health2\/?page_id=531"},"modified":"2022-09-06T03:53:58","modified_gmt":"2022-09-06T03:53:58","slug":"gioi-thieu","status":"publish","type":"page","link":"https:\/\/gtsvn.com.vn\/en\/gioi-thieu\/","title":{"rendered":"About"},"content":{"rendered":"","protected":false},"excerpt":{"rendered":"","protected":false},"author":1,"featured_media":0,"parent":0,"menu_order":0,"comment_status":"closed","ping_status":"closed","template":"page-intro-gts.php","meta":{"footnotes":""},"class_list":["post-531","page","type-page","status-publish","hentry"],"acf":[],"yoast_head":"<!-- This site is optimized with the Yoast SEO plugin v21.5 - https:\/\/yoast.com\/wordpress\/plugins\/seo\/ -->\n<title>Gi\u1edbi thi\u1ec7u - GTS Vi\u1ec7t Nam<\/title>\n<meta name=\"description\" content=\"Ch\u00fang t\u00f4i lu\u00f4n kh\u00f4ng ng\u1eebng n\u1ed7 l\u1ef1c h\u1ebft m\u00ecnh \u0111\u1ec3 tr\u1edf th\u00e0nh m\u1ed9t \u0111\u01a1n v\u1ecb cung c\u1ea5p d\u1ecbch v\u1ee5 t\u01b0 v\u1ea5n v\u1eadn h\u00e0nh v\u00e0 gi\u1ea3i ph\u00e1p chuy\u1ec3n \u0111\u1ed5i s\u1ed1 v\u1edbi ch\u1ea5t l\u01b0\u1ee3ng d\u1ecbch v\u1ee5 h\u00e0ng \u0111\u1ea7u t\u1ea1i Vi\u1ec7t Nam.\" \/>\n<meta name=\"robots\" content=\"index, follow, max-snippet:-1, max-image-preview:large, max-video-preview:-1\" \/>\n<link rel=\"canonical\" href=\"https:\/\/gtsvn.com.vn\/en\/gioi-thieu\/\" \/>\n<meta property=\"og:locale\" content=\"en_US\" \/>\n<meta property=\"og:type\" content=\"article\" \/>\n<meta property=\"og:title\" content=\"Gi\u1edbi thi\u1ec7u - GTS Vi\u1ec7t Nam\" \/>\n<meta property=\"og:description\" content=\"Ch\u00fang t\u00f4i lu\u00f4n kh\u00f4ng ng\u1eebng n\u1ed7 l\u1ef1c h\u1ebft m\u00ecnh \u0111\u1ec3 tr\u1edf th\u00e0nh m\u1ed9t \u0111\u01a1n v\u1ecb cung c\u1ea5p d\u1ecbch v\u1ee5 t\u01b0 v\u1ea5n v\u1eadn h\u00e0nh v\u00e0 gi\u1ea3i ph\u00e1p chuy\u1ec3n \u0111\u1ed5i s\u1ed1 v\u1edbi ch\u1ea5t l\u01b0\u1ee3ng d\u1ecbch v\u1ee5 h\u00e0ng \u0111\u1ea7u t\u1ea1i Vi\u1ec7t Nam.\" \/>\n<meta property=\"og:url\" content=\"https:\/\/gtsvn.com.vn\/en\/gioi-thieu\/\" \/>\n<meta property=\"og:site_name\" content=\"GTS Vi\u1ec7t Nam\" \/>\n<meta property=\"article:modified_time\" content=\"2022-09-06T03:53:58+00:00\" \/>\n<meta property=\"og:image\" content=\"https:\/\/gtsvn.com.vn\/wp-content\/uploads\/2022\/10\/gtsvn-cover.png\" \/>\n\t<meta property=\"og:image:width\" content=\"1440\" \/>\n\t<meta property=\"og:image:height\" content=\"810\" \/>\n\t<meta property=\"og:image:type\" content=\"image\/png\" \/>\n<meta name=\"twitter:card\" content=\"summary_large_image\" \/>\n<script type=\"application\/ld+json\" class=\"yoast-schema-graph\">{\"@context\":\"https:\/\/schema.org\",\"@graph\":[{\"@type\":\"WebPage\",\"@id\":\"https:\/\/gtsvn.com.vn\/vi\/gioi-thieu\/\",\"url\":\"https:\/\/gtsvn.com.vn\/vi\/gioi-thieu\/\",\"name\":\"Gi\u1edbi thi\u1ec7u - GTS Vi\u1ec7t Nam\",\"isPartOf\":{\"@id\":\"https:\/\/gtsvn.com.vn\/en\/#website\"},\"datePublished\":\"2016-06-15T00:24:04+00:00\",\"dateModified\":\"2022-09-06T03:53:58+00:00\",\"description\":\"Ch\u00fang t\u00f4i lu\u00f4n kh\u00f4ng ng\u1eebng n\u1ed7 l\u1ef1c h\u1ebft m\u00ecnh \u0111\u1ec3 tr\u1edf th\u00e0nh m\u1ed9t \u0111\u01a1n v\u1ecb cung c\u1ea5p d\u1ecbch v\u1ee5 t\u01b0 v\u1ea5n v\u1eadn h\u00e0nh v\u00e0 gi\u1ea3i ph\u00e1p chuy\u1ec3n \u0111\u1ed5i s\u1ed1 v\u1edbi ch\u1ea5t l\u01b0\u1ee3ng d\u1ecbch v\u1ee5 h\u00e0ng \u0111\u1ea7u t\u1ea1i Vi\u1ec7t Nam.\",\"breadcrumb\":{\"@id\":\"https:\/\/gtsvn.com.vn\/vi\/gioi-thieu\/#breadcrumb\"},\"inLanguage\":\"en-US\",\"potentialAction\":[{\"@type\":\"ReadAction\",\"target\":[\"https:\/\/gtsvn.com.vn\/vi\/gioi-thieu\/\"]}]},{\"@type\":\"BreadcrumbList\",\"@id\":\"https:\/\/gtsvn.com.vn\/vi\/gioi-thieu\/#breadcrumb\",\"itemListElement\":[{\"@type\":\"ListItem\",\"position\":1,\"name\":\"GTS Vi\u1ec7t Nam\",\"item\":\"https:\/\/gtsvn.com.vn\/\"},{\"@type\":\"ListItem\",\"position\":2,\"name\":\"Gi\u1edbi thi\u1ec7u\"}]},{\"@type\":\"WebSite\",\"@id\":\"https:\/\/gtsvn.com.vn\/en\/#website\",\"url\":\"https:\/\/gtsvn.com.vn\/en\/\",\"name\":\"GTS Vi\u1ec7t Nam\",\"description\":\"GTS Vi\u1ec7t Nam - Cung c\u1ea5p n\u1ec1n t\u1ea3ng chuy\u1ec3n \u0111\u1ed5i s\u1ed1, s\u1ed1 h\u00f3a cho doanh nghi\u1ec7p\",\"publisher\":{\"@id\":\"https:\/\/gtsvn.com.vn\/en\/#organization\"},\"potentialAction\":[{\"@type\":\"SearchAction\",\"target\":{\"@type\":\"EntryPoint\",\"urlTemplate\":\"https:\/\/gtsvn.com.vn\/en\/?s={search_term_string}\"},\"query-input\":\"required name=search_term_string\"}],\"inLanguage\":\"en-US\"},{\"@type\":\"Organization\",\"@id\":\"https:\/\/gtsvn.com.vn\/en\/#organization\",\"name\":\"GTS Vi\u1ec7t Nam\",\"url\":\"https:\/\/gtsvn.com.vn\/en\/\",\"logo\":{\"@type\":\"ImageObject\",\"inLanguage\":\"en-US\",\"@id\":\"https:\/\/gtsvn.com.vn\/en\/#\/schema\/logo\/image\/\",\"url\":\"https:\/\/gtsvn.com.vn\/wp-content\/uploads\/2022\/10\/gtsvn-cover.png\",\"contentUrl\":\"https:\/\/gtsvn.com.vn\/wp-content\/uploads\/2022\/10\/gtsvn-cover.png\",\"width\":1440,\"height\":810,\"caption\":\"GTS Vi\u1ec7t Nam\"},\"image\":{\"@id\":\"https:\/\/gtsvn.com.vn\/en\/#\/schema\/logo\/image\/\"}}]}<\/script>\n<!-- \/ Yoast SEO plugin. -->","yoast_head_json":{"title":"Gi\u1edbi thi\u1ec7u - GTS Vi\u1ec7t Nam","description":"Ch\u00fang t\u00f4i lu\u00f4n kh\u00f4ng ng\u1eebng n\u1ed7 l\u1ef1c h\u1ebft m\u00ecnh \u0111\u1ec3 tr\u1edf th\u00e0nh m\u1ed9t \u0111\u01a1n v\u1ecb cung c\u1ea5p d\u1ecbch v\u1ee5 t\u01b0 v\u1ea5n v\u1eadn h\u00e0nh v\u00e0 gi\u1ea3i ph\u00e1p chuy\u1ec3n \u0111\u1ed5i s\u1ed1 v\u1edbi ch\u1ea5t l\u01b0\u1ee3ng d\u1ecbch v\u1ee5 h\u00e0ng \u0111\u1ea7u t\u1ea1i Vi\u1ec7t Nam.","robots":{"index":"index","follow":"follow","max-snippet":"max-snippet:-1","max-image-preview":"max-image-preview:large","max-video-preview":"max-video-preview:-1"},"canonical":"https:\/\/gtsvn.com.vn\/en\/gioi-thieu\/","og_locale":"en_US","og_type":"article","og_title":"Gi\u1edbi thi\u1ec7u - GTS Vi\u1ec7t Nam","og_description":"Ch\u00fang t\u00f4i lu\u00f4n kh\u00f4ng ng\u1eebng n\u1ed7 l\u1ef1c h\u1ebft m\u00ecnh \u0111\u1ec3 tr\u1edf th\u00e0nh m\u1ed9t \u0111\u01a1n v\u1ecb cung c\u1ea5p d\u1ecbch v\u1ee5 t\u01b0 v\u1ea5n v\u1eadn h\u00e0nh v\u00e0 gi\u1ea3i ph\u00e1p chuy\u1ec3n \u0111\u1ed5i s\u1ed1 v\u1edbi ch\u1ea5t l\u01b0\u1ee3ng d\u1ecbch v\u1ee5 h\u00e0ng \u0111\u1ea7u t\u1ea1i Vi\u1ec7t Nam.","og_url":"https:\/\/gtsvn.com.vn\/en\/gioi-thieu\/","og_site_name":"GTS Vi\u1ec7t Nam","article_modified_time":"2022-09-06T03:53:58+00:00","og_image":[{"width":1440,"height":810,"url":"https:\/\/gtsvn.com.vn\/wp-content\/uploads\/2022\/10\/gtsvn-cover.png","type":"image\/png"}],"twitter_card":"summary_large_image","schema":{"@context":"https:\/\/schema.org","@graph":[{"@type":"WebPage","@id":"https:\/\/gtsvn.com.vn\/vi\/gioi-thieu\/","url":"https:\/\/gtsvn.com.vn\/vi\/gioi-thieu\/","name":"Gi\u1edbi thi\u1ec7u - GTS Vi\u1ec7t Nam","isPartOf":{"@id":"https:\/\/gtsvn.com.vn\/en\/#website"},"datePublished":"2016-06-15T00:24:04+00:00","dateModified":"2022-09-06T03:53:58+00:00","description":"Ch\u00fang t\u00f4i lu\u00f4n kh\u00f4ng ng\u1eebng n\u1ed7 l\u1ef1c h\u1ebft m\u00ecnh \u0111\u1ec3 tr\u1edf th\u00e0nh m\u1ed9t \u0111\u01a1n v\u1ecb cung c\u1ea5p d\u1ecbch v\u1ee5 t\u01b0 v\u1ea5n v\u1eadn h\u00e0nh v\u00e0 gi\u1ea3i ph\u00e1p chuy\u1ec3n \u0111\u1ed5i s\u1ed1 v\u1edbi ch\u1ea5t l\u01b0\u1ee3ng d\u1ecbch v\u1ee5 h\u00e0ng \u0111\u1ea7u t\u1ea1i Vi\u1ec7t Nam.","breadcrumb":{"@id":"https:\/\/gtsvn.com.vn\/vi\/gioi-thieu\/#breadcrumb"},"inLanguage":"en-US","potentialAction":[{"@type":"ReadAction","target":["https:\/\/gtsvn.com.vn\/vi\/gioi-thieu\/"]}]},{"@type":"BreadcrumbList","@id":"https:\/\/gtsvn.com.vn\/vi\/gioi-thieu\/#breadcrumb","itemListElement":[{"@type":"ListItem","position":1,"name":"GTS Vi\u1ec7t Nam","item":"https:\/\/gtsvn.com.vn\/"},{"@type":"ListItem","position":2,"name":"Gi\u1edbi thi\u1ec7u"}]},{"@type":"WebSite","@id":"https:\/\/gtsvn.com.vn\/en\/#website","url":"https:\/\/gtsvn.com.vn\/en\/","name":"GTS Vi\u1ec7t Nam","description":"GTS Vi\u1ec7t Nam - Cung c\u1ea5p n\u1ec1n t\u1ea3ng chuy\u1ec3n \u0111\u1ed5i s\u1ed1, s\u1ed1 h\u00f3a cho doanh nghi\u1ec7p","publisher":{"@id":"https:\/\/gtsvn.com.vn\/en\/#organization"},"potentialAction":[{"@type":"SearchAction","target":{"@type":"EntryPoint","urlTemplate":"https:\/\/gtsvn.com.vn\/en\/?s={search_term_string}"},"query-input":"required name=search_term_string"}],"inLanguage":"en-US"},{"@type":"Organization","@id":"https:\/\/gtsvn.com.vn\/en\/#organization","name":"GTS Vi\u1ec7t Nam","url":"https:\/\/gtsvn.com.vn\/en\/","logo":{"@type":"ImageObject","inLanguage":"en-US","@id":"https:\/\/gtsvn.com.vn\/en\/#\/schema\/logo\/image\/","url":"https:\/\/gtsvn.com.vn\/wp-content\/uploads\/2022\/10\/gtsvn-cover.png","contentUrl":"https:\/\/gtsvn.com.vn\/wp-content\/uploads\/2022\/10\/gtsvn-cover.png","width":1440,"height":810,"caption":"GTS Vi\u1ec7t Nam"},"image":{"@id":"https:\/\/gtsvn.com.vn\/en\/#\/schema\/logo\/image\/"}}]}},"_links":{"self":[{"href":"https:\/\/gtsvn.com.vn\/en\/wp-json\/wp\/v2\/pages\/531","targetHints":{"allow":["GET"]}}],"collection":[{"href":"https:\/\/gtsvn.com.vn\/en\/wp-json\/wp\/v2\/pages"}],"about":[{"href":"https:\/\/gtsvn.com.vn\/en\/wp-json\/wp\/v2\/types\/page"}],"author":[{"embeddable":true,"href":"https:\/\/gtsvn.com.vn\/en\/wp-json\/wp\/v2\/users\/1"}],"replies":[{"embeddable":true,"href":"https:\/\/gtsvn.com.vn\/en\/wp-json\/wp\/v2\/comments?post=531"}],"version-history":[{"count":3,"href":"https:\/\/gtsvn.com.vn\/en\/wp-json\/wp\/v2\/pages\/531\/revisions"}],"predecessor-version":[{"id":4723,"href":"https:\/\/gtsvn.com.vn\/en\/wp-json\/wp\/v2\/pages\/531\/revisions\/4723"}],"wp:attachment":[{"href":"https:\/\/gtsvn.com.vn\/en\/wp-json\/wp\/v2\/media?parent=531"}],"curies":[{"name":"wp","href":"https:\/\/api.w.org\/{rel}","templated":true}]}}