{"id":5306,"date":"2023-10-31T17:27:10","date_gmt":"2023-10-31T17:27:10","guid":{"rendered":"https:\/\/gtsvn.com.vn\/?page_id=5306"},"modified":"2023-10-31T18:08:34","modified_gmt":"2023-10-31T18:08:34","slug":"dang-ky-su-dung-v-one-v-pro","status":"publish","type":"page","link":"https:\/\/gtsvn.com.vn\/en\/dang-ky-su-dung-v-one-v-pro\/","title":{"rendered":"\u0110\u0103ng k\u00fd s\u1eed d\u1ee5ng V-ONE &#038; V-PRO"},"content":{"rendered":"<iframe loading=\"lazy\" width=\"100%\" height=\"850\" src=\"https:\/\/v-one.com.vn\/forms\/wtl\/103c11d41e6a3008610149e9b5ec1854\" frameborder=\"0\" sandbox=\"allow-top-navigation allow-forms allow-same-origin allow-popups\" allowfullscreen><\/iframe>\n\n\n\n<p><\/p>","protected":false},"excerpt":{"rendered":"","protected":false},"author":1,"featured_media":0,"parent":0,"menu_order":0,"comment_status":"closed","ping_status":"closed","template":"","meta":{"footnotes":""},"class_list":["post-5306","page","type-page","status-publish","hentry"],"acf":[],"yoast_head":"<!-- This site is optimized with the Yoast SEO plugin v21.5 - https:\/\/yoast.com\/wordpress\/plugins\/seo\/ -->\n<title>\u0110\u0103ng k\u00fd s\u1eed d\u1ee5ng V-ONE &amp; V-PRO - GTS Vi\u1ec7t Nam<\/title>\n<meta name=\"robots\" content=\"index, follow, max-snippet:-1, max-image-preview:large, max-video-preview:-1\" \/>\n<link rel=\"canonical\" href=\"https:\/\/gtsvn.com.vn\/en\/dang-ky-su-dung-v-one-v-pro\/\" \/>\n<meta property=\"og:locale\" content=\"en_US\" \/>\n<meta property=\"og:type\" content=\"article\" \/>\n<meta property=\"og:title\" content=\"\u0110\u0103ng k\u00fd s\u1eed d\u1ee5ng V-ONE &amp; V-PRO - GTS Vi\u1ec7t Nam\" \/>\n<meta property=\"og:url\" content=\"https:\/\/gtsvn.com.vn\/en\/dang-ky-su-dung-v-one-v-pro\/\" \/>\n<meta property=\"og:site_name\" content=\"GTS Vi\u1ec7t Nam\" \/>\n<meta property=\"article:modified_time\" content=\"2023-10-31T18:08:34+00:00\" \/>\n<meta property=\"og:image\" content=\"https:\/\/gtsvn.com.vn\/wp-content\/uploads\/2022\/10\/gtsvn-cover.png\" \/>\n\t<meta property=\"og:image:width\" content=\"1440\" \/>\n\t<meta property=\"og:image:height\" content=\"810\" \/>\n\t<meta property=\"og:image:type\" content=\"image\/png\" \/>\n<meta name=\"twitter:card\" content=\"summary_large_image\" \/>\n<script type=\"application\/ld+json\" class=\"yoast-schema-graph\">{\"@context\":\"https:\/\/schema.org\",\"@graph\":[{\"@type\":\"WebPage\",\"@id\":\"https:\/\/gtsvn.com.vn\/dang-ky-su-dung-v-one-v-pro\/\",\"url\":\"https:\/\/gtsvn.com.vn\/dang-ky-su-dung-v-one-v-pro\/\",\"name\":\"\u0110\u0103ng k\u00fd s\u1eed d\u1ee5ng V-ONE & V-PRO - GTS Vi\u1ec7t Nam\",\"isPartOf\":{\"@id\":\"https:\/\/gtsvn.com.vn\/en\/#website\"},\"datePublished\":\"2023-10-31T17:27:10+00:00\",\"dateModified\":\"2023-10-31T18:08:34+00:00\",\"breadcrumb\":{\"@id\":\"https:\/\/gtsvn.com.vn\/dang-ky-su-dung-v-one-v-pro\/#breadcrumb\"},\"inLanguage\":\"en-US\",\"potentialAction\":[{\"@type\":\"ReadAction\",\"target\":[\"https:\/\/gtsvn.com.vn\/dang-ky-su-dung-v-one-v-pro\/\"]}]},{\"@type\":\"BreadcrumbList\",\"@id\":\"https:\/\/gtsvn.com.vn\/dang-ky-su-dung-v-one-v-pro\/#breadcrumb\",\"itemListElement\":[{\"@type\":\"ListItem\",\"position\":1,\"name\":\"GTS Vi\u1ec7t Nam\",\"item\":\"https:\/\/gtsvn.com.vn\/\"},{\"@type\":\"ListItem\",\"position\":2,\"name\":\"\u0110\u0103ng k\u00fd s\u1eed d\u1ee5ng V-ONE &#038; V-PRO\"}]},{\"@type\":\"WebSite\",\"@id\":\"https:\/\/gtsvn.com.vn\/en\/#website\",\"url\":\"https:\/\/gtsvn.com.vn\/en\/\",\"name\":\"GTS Vi\u1ec7t Nam\",\"description\":\"GTS Vi\u1ec7t Nam - Cung c\u1ea5p n\u1ec1n t\u1ea3ng chuy\u1ec3n \u0111\u1ed5i s\u1ed1, s\u1ed1 h\u00f3a cho doanh nghi\u1ec7p\",\"publisher\":{\"@id\":\"https:\/\/gtsvn.com.vn\/en\/#organization\"},\"potentialAction\":[{\"@type\":\"SearchAction\",\"target\":{\"@type\":\"EntryPoint\",\"urlTemplate\":\"https:\/\/gtsvn.com.vn\/en\/?s={search_term_string}\"},\"query-input\":\"required name=search_term_string\"}],\"inLanguage\":\"en-US\"},{\"@type\":\"Organization\",\"@id\":\"https:\/\/gtsvn.com.vn\/en\/#organization\",\"name\":\"GTS Vi\u1ec7t Nam\",\"url\":\"https:\/\/gtsvn.com.vn\/en\/\",\"logo\":{\"@type\":\"ImageObject\",\"inLanguage\":\"en-US\",\"@id\":\"https:\/\/gtsvn.com.vn\/en\/#\/schema\/logo\/image\/\",\"url\":\"https:\/\/gtsvn.com.vn\/wp-content\/uploads\/2022\/10\/gtsvn-cover.png\",\"contentUrl\":\"https:\/\/gtsvn.com.vn\/wp-content\/uploads\/2022\/10\/gtsvn-cover.png\",\"width\":1440,\"height\":810,\"caption\":\"GTS Vi\u1ec7t Nam\"},\"image\":{\"@id\":\"https:\/\/gtsvn.com.vn\/en\/#\/schema\/logo\/image\/\"}}]}<\/script>\n<!-- \/ Yoast SEO plugin. -->","yoast_head_json":{"title":"\u0110\u0103ng k\u00fd s\u1eed d\u1ee5ng V-ONE & V-PRO - GTS Vi\u1ec7t Nam","robots":{"index":"index","follow":"follow","max-snippet":"max-snippet:-1","max-image-preview":"max-image-preview:large","max-video-preview":"max-video-preview:-1"},"canonical":"https:\/\/gtsvn.com.vn\/en\/dang-ky-su-dung-v-one-v-pro\/","og_locale":"en_US","og_type":"article","og_title":"\u0110\u0103ng k\u00fd s\u1eed d\u1ee5ng V-ONE & V-PRO - GTS Vi\u1ec7t Nam","og_url":"https:\/\/gtsvn.com.vn\/en\/dang-ky-su-dung-v-one-v-pro\/","og_site_name":"GTS Vi\u1ec7t Nam","article_modified_time":"2023-10-31T18:08:34+00:00","og_image":[{"width":1440,"height":810,"url":"https:\/\/gtsvn.com.vn\/wp-content\/uploads\/2022\/10\/gtsvn-cover.png","type":"image\/png"}],"twitter_card":"summary_large_image","schema":{"@context":"https:\/\/schema.org","@graph":[{"@type":"WebPage","@id":"https:\/\/gtsvn.com.vn\/dang-ky-su-dung-v-one-v-pro\/","url":"https:\/\/gtsvn.com.vn\/dang-ky-su-dung-v-one-v-pro\/","name":"\u0110\u0103ng k\u00fd s\u1eed d\u1ee5ng V-ONE & V-PRO - GTS Vi\u1ec7t Nam","isPartOf":{"@id":"https:\/\/gtsvn.com.vn\/en\/#website"},"datePublished":"2023-10-31T17:27:10+00:00","dateModified":"2023-10-31T18:08:34+00:00","breadcrumb":{"@id":"https:\/\/gtsvn.com.vn\/dang-ky-su-dung-v-one-v-pro\/#breadcrumb"},"inLanguage":"en-US","potentialAction":[{"@type":"ReadAction","target":["https:\/\/gtsvn.com.vn\/dang-ky-su-dung-v-one-v-pro\/"]}]},{"@type":"BreadcrumbList","@id":"https:\/\/gtsvn.com.vn\/dang-ky-su-dung-v-one-v-pro\/#breadcrumb","itemListElement":[{"@type":"ListItem","position":1,"name":"GTS Vi\u1ec7t Nam","item":"https:\/\/gtsvn.com.vn\/"},{"@type":"ListItem","position":2,"name":"\u0110\u0103ng k\u00fd s\u1eed d\u1ee5ng V-ONE &#038; V-PRO"}]},{"@type":"WebSite","@id":"https:\/\/gtsvn.com.vn\/en\/#website","url":"https:\/\/gtsvn.com.vn\/en\/","name":"GTS Vi\u1ec7t Nam","description":"GTS Vi\u1ec7t Nam - Cung c\u1ea5p n\u1ec1n t\u1ea3ng chuy\u1ec3n \u0111\u1ed5i s\u1ed1, s\u1ed1 h\u00f3a cho doanh nghi\u1ec7p","publisher":{"@id":"https:\/\/gtsvn.com.vn\/en\/#organization"},"potentialAction":[{"@type":"SearchAction","target":{"@type":"EntryPoint","urlTemplate":"https:\/\/gtsvn.com.vn\/en\/?s={search_term_string}"},"query-input":"required name=search_term_string"}],"inLanguage":"en-US"},{"@type":"Organization","@id":"https:\/\/gtsvn.com.vn\/en\/#organization","name":"GTS Vi\u1ec7t Nam","url":"https:\/\/gtsvn.com.vn\/en\/","logo":{"@type":"ImageObject","inLanguage":"en-US","@id":"https:\/\/gtsvn.com.vn\/en\/#\/schema\/logo\/image\/","url":"https:\/\/gtsvn.com.vn\/wp-content\/uploads\/2022\/10\/gtsvn-cover.png","contentUrl":"https:\/\/gtsvn.com.vn\/wp-content\/uploads\/2022\/10\/gtsvn-cover.png","width":1440,"height":810,"caption":"GTS Vi\u1ec7t Nam"},"image":{"@id":"https:\/\/gtsvn.com.vn\/en\/#\/schema\/logo\/image\/"}}]}},"_links":{"self":[{"href":"https:\/\/gtsvn.com.vn\/en\/wp-json\/wp\/v2\/pages\/5306","targetHints":{"allow":["GET"]}}],"collection":[{"href":"https:\/\/gtsvn.com.vn\/en\/wp-json\/wp\/v2\/pages"}],"about":[{"href":"https:\/\/gtsvn.com.vn\/en\/wp-json\/wp\/v2\/types\/page"}],"author":[{"embeddable":true,"href":"https:\/\/gtsvn.com.vn\/en\/wp-json\/wp\/v2\/users\/1"}],"replies":[{"embeddable":true,"href":"https:\/\/gtsvn.com.vn\/en\/wp-json\/wp\/v2\/comments?post=5306"}],"version-history":[{"count":6,"href":"https:\/\/gtsvn.com.vn\/en\/wp-json\/wp\/v2\/pages\/5306\/revisions"}],"predecessor-version":[{"id":5313,"href":"https:\/\/gtsvn.com.vn\/en\/wp-json\/wp\/v2\/pages\/5306\/revisions\/5313"}],"wp:attachment":[{"href":"https:\/\/gtsvn.com.vn\/en\/wp-json\/wp\/v2\/media?parent=5306"}],"curies":[{"name":"wp","href":"https:\/\/api.w.org\/{rel}","templated":true}]}}