{"id":5141,"date":"2023-05-24T07:43:45","date_gmt":"2023-05-24T07:43:45","guid":{"rendered":"https:\/\/gtsvn.com.vn\/?page_id=5141"},"modified":"2023-05-24T08:00:09","modified_gmt":"2023-05-24T08:00:09","slug":"san-pham-hop-tac-chien-luoc","status":"publish","type":"page","link":"https:\/\/gtsvn.com.vn\/en\/san-pham-hop-tac-chien-luoc\/","title":{"rendered":"Strategic cooperation products"},"content":{"rendered":"<h2 style=\"text-align: center;\"><strong>Strategic cooperation products<\/strong><\/h2>\n<p>&nbsp;<\/p>\n<p>You got ideas for business but you are facing cost\/budget issues, You are looking for some partner who can help you develop your application\/platform then we are here to help you make ideas happen.<\/p>\n<p>&nbsp;<\/p>\n<p><img loading=\"lazy\" decoding=\"async\" class=\"alignnone size-full wp-image-5057\" src=\"https:\/\/gtsvn.com.vn\/wp-content\/uploads\/2023\/01\/callme3.jpeg\" alt=\"\" width=\"2561\" height=\"1707\" srcset=\"https:\/\/gtsvn.com.vn\/wp-content\/uploads\/2023\/01\/callme3.jpeg 2561w, https:\/\/gtsvn.com.vn\/wp-content\/uploads\/2023\/01\/callme3-408x272.jpeg 408w, https:\/\/gtsvn.com.vn\/wp-content\/uploads\/2023\/01\/callme3-768x512.jpeg 768w, https:\/\/gtsvn.com.vn\/wp-content\/uploads\/2023\/01\/callme3-1536x1024.jpeg 1536w, https:\/\/gtsvn.com.vn\/wp-content\/uploads\/2023\/01\/callme3-2048x1365.jpeg 2048w, https:\/\/gtsvn.com.vn\/wp-content\/uploads\/2023\/01\/callme3-18x12.jpeg 18w\" sizes=\"auto, (max-width: 2561px) 100vw, 2561px\" \/><\/p>\n<p>&nbsp;<\/p>\n<p>We can contribute to your business development based on our technical development, and product development to share costs with you. It will help easy to grow and launch your product sooner.<\/p>\n<p>&nbsp;<\/p>\n<p><img loading=\"lazy\" decoding=\"async\" class=\"alignnone size-full wp-image-5055\" src=\"https:\/\/gtsvn.com.vn\/wp-content\/uploads\/2023\/01\/callme1-scaled.jpeg\" alt=\"\" width=\"2560\" height=\"1707\" srcset=\"https:\/\/gtsvn.com.vn\/wp-content\/uploads\/2023\/01\/callme1-scaled.jpeg 2560w, https:\/\/gtsvn.com.vn\/wp-content\/uploads\/2023\/01\/callme1-408x272.jpeg 408w, https:\/\/gtsvn.com.vn\/wp-content\/uploads\/2023\/01\/callme1-768x512.jpeg 768w, https:\/\/gtsvn.com.vn\/wp-content\/uploads\/2023\/01\/callme1-1536x1024.jpeg 1536w, https:\/\/gtsvn.com.vn\/wp-content\/uploads\/2023\/01\/callme1-2048x1365.jpeg 2048w, https:\/\/gtsvn.com.vn\/wp-content\/uploads\/2023\/01\/callme1-18x12.jpeg 18w\" sizes=\"auto, (max-width: 2560px) 100vw, 2560px\" \/><\/p>\n<p>&nbsp;<\/p>\n<p>Please contact us for more discussion!<\/p>","protected":false},"excerpt":{"rendered":"<p>S\u1ea3n ph\u1ea9m h\u1ee3p t\u00e1c chi\u1ebfn l\u01b0\u1ee3c &nbsp; B\u1ea1n c\u00f3 \u00fd t\u01b0\u1edfng kinh doanh nh\u01b0ng b\u1ea1n \u0111ang g\u1eb7p v\u1ea5n \u0111\u1ec1 v\u1ec1 chi ph\u00ed\/ng\u00e2n s\u00e1ch, B\u1ea1n \u0111ang t\u00ecm ki\u1ebfm \u0111\u1ed1i t\u00e1c n\u00e0o \u0111\u00f3 c\u00f3 th\u1ec3 gi\u00fap b\u1ea1n ph\u00e1t tri\u1ec3n \u1ee9ng d\u1ee5ng\/n\u1ec1n t\u1ea3ng c\u1ee7a m\u00ecnh th\u00ec ch\u00fang t\u00f4i \u1edf \u0111\u00e2y \u0111\u1ec3 gi\u00fap b\u1ea1n bi\u1ebfn \u00fd t\u01b0\u1edfng th\u00e0nh hi\u1ec7n&#8230;<\/p>","protected":false},"author":1,"featured_media":0,"parent":0,"menu_order":0,"comment_status":"closed","ping_status":"closed","template":"page-blank-title-center.php","meta":{"footnotes":""},"class_list":["post-5141","page","type-page","status-publish","hentry"],"acf":[],"yoast_head":"<!-- This site is optimized with the Yoast SEO plugin v21.5 - https:\/\/yoast.com\/wordpress\/plugins\/seo\/ -->\n<title>S\u1ea3n ph\u1ea9m h\u1ee3p t\u00e1c chi\u1ebfn l\u01b0\u1ee3c - GTS Vi\u1ec7t Nam<\/title>\n<meta name=\"robots\" content=\"index, follow, max-snippet:-1, max-image-preview:large, max-video-preview:-1\" \/>\n<link rel=\"canonical\" href=\"https:\/\/gtsvn.com.vn\/en\/san-pham-hop-tac-chien-luoc\/\" \/>\n<meta property=\"og:locale\" content=\"en_US\" \/>\n<meta property=\"og:type\" content=\"article\" \/>\n<meta property=\"og:title\" content=\"S\u1ea3n ph\u1ea9m h\u1ee3p t\u00e1c chi\u1ebfn l\u01b0\u1ee3c - GTS Vi\u1ec7t Nam\" \/>\n<meta property=\"og:description\" content=\"S\u1ea3n ph\u1ea9m h\u1ee3p t\u00e1c chi\u1ebfn l\u01b0\u1ee3c &nbsp; B\u1ea1n c\u00f3 \u00fd t\u01b0\u1edfng kinh doanh nh\u01b0ng b\u1ea1n \u0111ang g\u1eb7p v\u1ea5n \u0111\u1ec1 v\u1ec1 chi ph\u00ed\/ng\u00e2n s\u00e1ch, B\u1ea1n \u0111ang t\u00ecm ki\u1ebfm \u0111\u1ed1i t\u00e1c n\u00e0o \u0111\u00f3 c\u00f3 th\u1ec3 gi\u00fap b\u1ea1n ph\u00e1t tri\u1ec3n \u1ee9ng d\u1ee5ng\/n\u1ec1n t\u1ea3ng c\u1ee7a m\u00ecnh th\u00ec ch\u00fang t\u00f4i \u1edf \u0111\u00e2y \u0111\u1ec3 gi\u00fap b\u1ea1n bi\u1ebfn \u00fd t\u01b0\u1edfng th\u00e0nh hi\u1ec7n...\" \/>\n<meta property=\"og:url\" content=\"https:\/\/gtsvn.com.vn\/en\/san-pham-hop-tac-chien-luoc\/\" \/>\n<meta property=\"og:site_name\" content=\"GTS Vi\u1ec7t Nam\" \/>\n<meta property=\"article:modified_time\" content=\"2023-05-24T08:00:09+00:00\" \/>\n<meta property=\"og:image\" content=\"https:\/\/gtsvn.com.vn\/wp-content\/uploads\/2023\/01\/callme3.jpeg\" \/>\n<meta name=\"twitter:card\" content=\"summary_large_image\" \/>\n<meta name=\"twitter:label1\" content=\"Est. reading time\" \/>\n\t<meta name=\"twitter:data1\" content=\"1 minute\" \/>\n<script type=\"application\/ld+json\" class=\"yoast-schema-graph\">{\"@context\":\"https:\/\/schema.org\",\"@graph\":[{\"@type\":\"WebPage\",\"@id\":\"https:\/\/gtsvn.com.vn\/san-pham-hop-tac-chien-luoc\/\",\"url\":\"https:\/\/gtsvn.com.vn\/san-pham-hop-tac-chien-luoc\/\",\"name\":\"S\u1ea3n ph\u1ea9m h\u1ee3p t\u00e1c chi\u1ebfn l\u01b0\u1ee3c - GTS Vi\u1ec7t Nam\",\"isPartOf\":{\"@id\":\"https:\/\/gtsvn.com.vn\/en\/#website\"},\"datePublished\":\"2023-05-24T07:43:45+00:00\",\"dateModified\":\"2023-05-24T08:00:09+00:00\",\"breadcrumb\":{\"@id\":\"https:\/\/gtsvn.com.vn\/san-pham-hop-tac-chien-luoc\/#breadcrumb\"},\"inLanguage\":\"en-US\",\"potentialAction\":[{\"@type\":\"ReadAction\",\"target\":[\"https:\/\/gtsvn.com.vn\/san-pham-hop-tac-chien-luoc\/\"]}]},{\"@type\":\"BreadcrumbList\",\"@id\":\"https:\/\/gtsvn.com.vn\/san-pham-hop-tac-chien-luoc\/#breadcrumb\",\"itemListElement\":[{\"@type\":\"ListItem\",\"position\":1,\"name\":\"GTS Vi\u1ec7t Nam\",\"item\":\"https:\/\/gtsvn.com.vn\/\"},{\"@type\":\"ListItem\",\"position\":2,\"name\":\"S\u1ea3n ph\u1ea9m h\u1ee3p t\u00e1c chi\u1ebfn l\u01b0\u1ee3c\"}]},{\"@type\":\"WebSite\",\"@id\":\"https:\/\/gtsvn.com.vn\/en\/#website\",\"url\":\"https:\/\/gtsvn.com.vn\/en\/\",\"name\":\"GTS Vi\u1ec7t Nam\",\"description\":\"GTS Vi\u1ec7t Nam - Cung c\u1ea5p n\u1ec1n t\u1ea3ng chuy\u1ec3n \u0111\u1ed5i s\u1ed1, s\u1ed1 h\u00f3a cho doanh nghi\u1ec7p\",\"publisher\":{\"@id\":\"https:\/\/gtsvn.com.vn\/en\/#organization\"},\"potentialAction\":[{\"@type\":\"SearchAction\",\"target\":{\"@type\":\"EntryPoint\",\"urlTemplate\":\"https:\/\/gtsvn.com.vn\/en\/?s={search_term_string}\"},\"query-input\":\"required name=search_term_string\"}],\"inLanguage\":\"en-US\"},{\"@type\":\"Organization\",\"@id\":\"https:\/\/gtsvn.com.vn\/en\/#organization\",\"name\":\"GTS Vi\u1ec7t Nam\",\"url\":\"https:\/\/gtsvn.com.vn\/en\/\",\"logo\":{\"@type\":\"ImageObject\",\"inLanguage\":\"en-US\",\"@id\":\"https:\/\/gtsvn.com.vn\/en\/#\/schema\/logo\/image\/\",\"url\":\"https:\/\/gtsvn.com.vn\/wp-content\/uploads\/2022\/10\/gtsvn-cover.png\",\"contentUrl\":\"https:\/\/gtsvn.com.vn\/wp-content\/uploads\/2022\/10\/gtsvn-cover.png\",\"width\":1440,\"height\":810,\"caption\":\"GTS Vi\u1ec7t Nam\"},\"image\":{\"@id\":\"https:\/\/gtsvn.com.vn\/en\/#\/schema\/logo\/image\/\"}}]}<\/script>\n<!-- \/ Yoast SEO plugin. -->","yoast_head_json":{"title":"S\u1ea3n ph\u1ea9m h\u1ee3p t\u00e1c chi\u1ebfn l\u01b0\u1ee3c - GTS Vi\u1ec7t Nam","robots":{"index":"index","follow":"follow","max-snippet":"max-snippet:-1","max-image-preview":"max-image-preview:large","max-video-preview":"max-video-preview:-1"},"canonical":"https:\/\/gtsvn.com.vn\/en\/san-pham-hop-tac-chien-luoc\/","og_locale":"en_US","og_type":"article","og_title":"S\u1ea3n ph\u1ea9m h\u1ee3p t\u00e1c chi\u1ebfn l\u01b0\u1ee3c - GTS Vi\u1ec7t Nam","og_description":"S\u1ea3n ph\u1ea9m h\u1ee3p t\u00e1c chi\u1ebfn l\u01b0\u1ee3c &nbsp; B\u1ea1n c\u00f3 \u00fd t\u01b0\u1edfng kinh doanh nh\u01b0ng b\u1ea1n \u0111ang g\u1eb7p v\u1ea5n \u0111\u1ec1 v\u1ec1 chi ph\u00ed\/ng\u00e2n s\u00e1ch, B\u1ea1n \u0111ang t\u00ecm ki\u1ebfm \u0111\u1ed1i t\u00e1c n\u00e0o \u0111\u00f3 c\u00f3 th\u1ec3 gi\u00fap b\u1ea1n ph\u00e1t tri\u1ec3n \u1ee9ng d\u1ee5ng\/n\u1ec1n t\u1ea3ng c\u1ee7a m\u00ecnh th\u00ec ch\u00fang t\u00f4i \u1edf \u0111\u00e2y \u0111\u1ec3 gi\u00fap b\u1ea1n bi\u1ebfn \u00fd t\u01b0\u1edfng th\u00e0nh hi\u1ec7n...","og_url":"https:\/\/gtsvn.com.vn\/en\/san-pham-hop-tac-chien-luoc\/","og_site_name":"GTS Vi\u1ec7t Nam","article_modified_time":"2023-05-24T08:00:09+00:00","og_image":[{"url":"https:\/\/gtsvn.com.vn\/wp-content\/uploads\/2023\/01\/callme3.jpeg"}],"twitter_card":"summary_large_image","twitter_misc":{"Est. reading time":"1 minute"},"schema":{"@context":"https:\/\/schema.org","@graph":[{"@type":"WebPage","@id":"https:\/\/gtsvn.com.vn\/san-pham-hop-tac-chien-luoc\/","url":"https:\/\/gtsvn.com.vn\/san-pham-hop-tac-chien-luoc\/","name":"S\u1ea3n ph\u1ea9m h\u1ee3p t\u00e1c chi\u1ebfn l\u01b0\u1ee3c - GTS Vi\u1ec7t Nam","isPartOf":{"@id":"https:\/\/gtsvn.com.vn\/en\/#website"},"datePublished":"2023-05-24T07:43:45+00:00","dateModified":"2023-05-24T08:00:09+00:00","breadcrumb":{"@id":"https:\/\/gtsvn.com.vn\/san-pham-hop-tac-chien-luoc\/#breadcrumb"},"inLanguage":"en-US","potentialAction":[{"@type":"ReadAction","target":["https:\/\/gtsvn.com.vn\/san-pham-hop-tac-chien-luoc\/"]}]},{"@type":"BreadcrumbList","@id":"https:\/\/gtsvn.com.vn\/san-pham-hop-tac-chien-luoc\/#breadcrumb","itemListElement":[{"@type":"ListItem","position":1,"name":"GTS Vi\u1ec7t Nam","item":"https:\/\/gtsvn.com.vn\/"},{"@type":"ListItem","position":2,"name":"S\u1ea3n ph\u1ea9m h\u1ee3p t\u00e1c chi\u1ebfn l\u01b0\u1ee3c"}]},{"@type":"WebSite","@id":"https:\/\/gtsvn.com.vn\/en\/#website","url":"https:\/\/gtsvn.com.vn\/en\/","name":"GTS Vi\u1ec7t Nam","description":"GTS Vi\u1ec7t Nam - Cung c\u1ea5p n\u1ec1n t\u1ea3ng chuy\u1ec3n \u0111\u1ed5i s\u1ed1, s\u1ed1 h\u00f3a cho doanh nghi\u1ec7p","publisher":{"@id":"https:\/\/gtsvn.com.vn\/en\/#organization"},"potentialAction":[{"@type":"SearchAction","target":{"@type":"EntryPoint","urlTemplate":"https:\/\/gtsvn.com.vn\/en\/?s={search_term_string}"},"query-input":"required name=search_term_string"}],"inLanguage":"en-US"},{"@type":"Organization","@id":"https:\/\/gtsvn.com.vn\/en\/#organization","name":"GTS Vi\u1ec7t Nam","url":"https:\/\/gtsvn.com.vn\/en\/","logo":{"@type":"ImageObject","inLanguage":"en-US","@id":"https:\/\/gtsvn.com.vn\/en\/#\/schema\/logo\/image\/","url":"https:\/\/gtsvn.com.vn\/wp-content\/uploads\/2022\/10\/gtsvn-cover.png","contentUrl":"https:\/\/gtsvn.com.vn\/wp-content\/uploads\/2022\/10\/gtsvn-cover.png","width":1440,"height":810,"caption":"GTS Vi\u1ec7t Nam"},"image":{"@id":"https:\/\/gtsvn.com.vn\/en\/#\/schema\/logo\/image\/"}}]}},"_links":{"self":[{"href":"https:\/\/gtsvn.com.vn\/en\/wp-json\/wp\/v2\/pages\/5141","targetHints":{"allow":["GET"]}}],"collection":[{"href":"https:\/\/gtsvn.com.vn\/en\/wp-json\/wp\/v2\/pages"}],"about":[{"href":"https:\/\/gtsvn.com.vn\/en\/wp-json\/wp\/v2\/types\/page"}],"author":[{"embeddable":true,"href":"https:\/\/gtsvn.com.vn\/en\/wp-json\/wp\/v2\/users\/1"}],"replies":[{"embeddable":true,"href":"https:\/\/gtsvn.com.vn\/en\/wp-json\/wp\/v2\/comments?post=5141"}],"version-history":[{"count":5,"href":"https:\/\/gtsvn.com.vn\/en\/wp-json\/wp\/v2\/pages\/5141\/revisions"}],"predecessor-version":[{"id":5151,"href":"https:\/\/gtsvn.com.vn\/en\/wp-json\/wp\/v2\/pages\/5141\/revisions\/5151"}],"wp:attachment":[{"href":"https:\/\/gtsvn.com.vn\/en\/wp-json\/wp\/v2\/media?parent=5141"}],"curies":[{"name":"wp","href":"https:\/\/api.w.org\/{rel}","templated":true}]}}