{"id":5113,"date":"2023-05-24T06:22:42","date_gmt":"2023-05-24T06:22:42","guid":{"rendered":"https:\/\/gtsvn.com.vn\/?page_id=5113"},"modified":"2023-05-24T07:47:25","modified_gmt":"2023-05-24T07:47:25","slug":"cung-ung-nhan-su-it","status":"publish","type":"page","link":"https:\/\/gtsvn.com.vn\/en\/cung-ung-nhan-su-it\/","title":{"rendered":"Cung \u1ee9ng nh\u00e2n s\u1ef1 IT"},"content":{"rendered":"<h2 style=\"text-align: center;\"><strong>DEDICATED DEVELOPMENT SERVICES<\/strong><\/h2>\n<p>&nbsp;<\/p>\n<p style=\"text-align: left;\">GTS Vietnam has the strength of a team of highly qualified experts with many years working in the field of Information Technology with customers from Vietnam and many countries around the world.<\/p>\n<p style=\"text-align: center;\"><strong>WHAT WE DO<\/strong><\/p>\n<p>&nbsp;<\/p>\n<p style=\"text-align: left;\">Are you looking for the right talent for your business? Do you need a short-term back-up for your core team? Do you need to scale quickly to meet customer's expectations?<br \/>\nIf \u201cyes\u201d in your answer,  the Dedicated Team model might be a good fit for you. We will pick the best-suited developers, and help you build up and manage your new development team.<\/p>\n<p>&nbsp;<\/p>\n<ul>\n<li><strong>60+ PROJECTS<\/strong><\/li>\n<li><strong>50+ IT CONSULTANT<\/strong><\/li>\n<li><strong>3-20 ENGINEERS PER TEAM SIZE\u00a0<\/strong><\/li>\n<\/ul>\n<p><!--more--><\/p>\n<p style=\"text-align: center;\"><strong>Diverse Technology Platforms<\/strong><\/p>\n<p><img loading=\"lazy\" decoding=\"async\" class=\"size-full wp-image-5119 aligncenter\" src=\"https:\/\/gtsvn.com.vn\/wp-content\/uploads\/2023\/05\/Screen-Shot-2023-05-24-at-13.29.56.png\" alt=\"\" width=\"632\" height=\"275\" srcset=\"https:\/\/gtsvn.com.vn\/wp-content\/uploads\/2023\/05\/Screen-Shot-2023-05-24-at-13.29.56.png 632w, https:\/\/gtsvn.com.vn\/wp-content\/uploads\/2023\/05\/Screen-Shot-2023-05-24-at-13.29.56-470x205.png 470w, https:\/\/gtsvn.com.vn\/wp-content\/uploads\/2023\/05\/Screen-Shot-2023-05-24-at-13.29.56-18x8.png 18w\" sizes=\"auto, (max-width: 632px) 100vw, 632px\" \/><\/p>\n<p>&nbsp;<\/p>\n<p style=\"text-align: center;\"><strong>WHAT YOU GET<\/strong><\/p>\n<p>&nbsp;<\/p>\n<p><strong>FIND NICE EXPERTS AND SCALE-UP QUICKLY<\/strong><\/p>\n<p><span style=\"font-weight: 400;\">Skills gap can be a headache, and recruitment is not always easy. That\u2019s why we can help solve your problem by providing access to our huge talent pool<\/span><\/p>\n<p>&nbsp;<\/p>\n<p><strong>FULL DEDICATION TO THE PROJECT AND CLIENT<\/strong><\/p>\n<p><span style=\"font-weight: 400;\">Our team will work dedicatedly on your project full-time. By establishing long-term cooperation, you can leverage their skills to better serve your business.<\/span><\/p>\n<p>&nbsp;<\/p>\n<p><strong>FULL CONTROL OVER THE TEAM<\/strong><\/p>\n<p><span style=\"font-weight: 400;\">You are free to assign the workload to the team and can change your request at any moment.<\/span><\/p>\n<p>&nbsp;<\/p>\n<p><strong>COMMUNICATION<\/strong><\/p>\n<p>&nbsp;<\/p>\n<p><span style=\"font-weight: 400;\">Day-to-day communication. Easy management by using web tools like Jira, Github, Slack\u2026 or our project management product. We also have 80% of the resources to speak English smoothly. Our staff has a full skill-set for working with clients in requirements and technical.<\/span><\/p>\n<p>&nbsp;<\/p>\n<p><strong>NO DAY-TO-DAY ADMIN WORK<\/strong><\/p>\n<p><span style=\"font-weight: 400;\">We handle all the operational duties including contract, payroll, employee retention, insurance, team building, and other benefits for employees.<\/span><\/p>\n<p><span style=\"font-weight: 400;\">Pricing  &amp; Cost<\/span><\/p>\n<p><span style=\"font-weight: 400;\">Our pricing is quite transparent and easy to predict &amp; no cost is hidden.<\/span><\/p>","protected":false},"excerpt":{"rendered":"<p>CUNG \u1ee8NG NH\u00c2N S\u1ef0 IT &nbsp; GTS Vi\u1ec7t Nam c\u00f3 th\u1ebf m\u1ea1nh v\u1ec1 \u0111\u1ed9i ng\u0169 chuy\u00ean gia c\u00f3 tr\u00ecnh \u0111\u1ed9 cao v\u1edbi nhi\u1ec1u n\u0103m l\u00e0m vi\u1ec7c trong l\u0129nh v\u1ef1c C\u00f4ng ngh\u1ec7 th\u00f4ng tin v\u1edbi c\u00e1c kh\u00e1ch h\u00e0ng \u0111\u1ebfn t\u1eeb Vi\u1ec7t Nam v\u00e0 nhi\u1ec1u n\u01b0\u1edbc tr\u00ean th\u1ebf gi\u1edbi. CH\u00daNG T\u00d4I L\u00c0M G\u00cc &nbsp; B\u1ea1n \u0111ang t\u00ecm&#8230;<\/p>","protected":false},"author":1,"featured_media":0,"parent":0,"menu_order":0,"comment_status":"closed","ping_status":"closed","template":"page-blank-title-center.php","meta":{"footnotes":""},"class_list":["post-5113","page","type-page","status-publish","hentry"],"acf":[],"yoast_head":"<!-- This site is optimized with the Yoast SEO plugin v21.5 - https:\/\/yoast.com\/wordpress\/plugins\/seo\/ -->\n<title>Cung \u1ee9ng nh\u00e2n s\u1ef1 IT - GTS Vi\u1ec7t Nam<\/title>\n<meta name=\"robots\" content=\"index, follow, max-snippet:-1, max-image-preview:large, max-video-preview:-1\" \/>\n<link rel=\"canonical\" href=\"https:\/\/gtsvn.com.vn\/en\/cung-ung-nhan-su-it\/\" \/>\n<meta property=\"og:locale\" content=\"en_US\" \/>\n<meta property=\"og:type\" content=\"article\" \/>\n<meta property=\"og:title\" content=\"Cung \u1ee9ng nh\u00e2n s\u1ef1 IT - GTS Vi\u1ec7t Nam\" \/>\n<meta property=\"og:description\" content=\"CUNG \u1ee8NG NH\u00c2N S\u1ef0 IT &nbsp; GTS Vi\u1ec7t Nam c\u00f3 th\u1ebf m\u1ea1nh v\u1ec1 \u0111\u1ed9i ng\u0169 chuy\u00ean gia c\u00f3 tr\u00ecnh \u0111\u1ed9 cao v\u1edbi nhi\u1ec1u n\u0103m l\u00e0m vi\u1ec7c trong l\u0129nh v\u1ef1c C\u00f4ng ngh\u1ec7 th\u00f4ng tin v\u1edbi c\u00e1c kh\u00e1ch h\u00e0ng \u0111\u1ebfn t\u1eeb Vi\u1ec7t Nam v\u00e0 nhi\u1ec1u n\u01b0\u1edbc tr\u00ean th\u1ebf gi\u1edbi. CH\u00daNG T\u00d4I L\u00c0M G\u00cc &nbsp; B\u1ea1n \u0111ang t\u00ecm...\" \/>\n<meta property=\"og:url\" content=\"https:\/\/gtsvn.com.vn\/en\/cung-ung-nhan-su-it\/\" \/>\n<meta property=\"og:site_name\" content=\"GTS Vi\u1ec7t Nam\" \/>\n<meta property=\"article:modified_time\" content=\"2023-05-24T07:47:25+00:00\" \/>\n<meta property=\"og:image\" content=\"https:\/\/gtsvn.com.vn\/wp-content\/uploads\/2023\/05\/Screen-Shot-2023-05-24-at-13.29.56.png\" \/>\n<meta name=\"twitter:card\" content=\"summary_large_image\" \/>\n<meta name=\"twitter:label1\" content=\"Est. reading time\" \/>\n\t<meta name=\"twitter:data1\" content=\"4 minutes\" \/>\n<script type=\"application\/ld+json\" class=\"yoast-schema-graph\">{\"@context\":\"https:\/\/schema.org\",\"@graph\":[{\"@type\":\"WebPage\",\"@id\":\"https:\/\/gtsvn.com.vn\/cung-ung-nhan-su-it\/\",\"url\":\"https:\/\/gtsvn.com.vn\/cung-ung-nhan-su-it\/\",\"name\":\"Cung \u1ee9ng nh\u00e2n s\u1ef1 IT - GTS Vi\u1ec7t Nam\",\"isPartOf\":{\"@id\":\"https:\/\/gtsvn.com.vn\/en\/#website\"},\"datePublished\":\"2023-05-24T06:22:42+00:00\",\"dateModified\":\"2023-05-24T07:47:25+00:00\",\"breadcrumb\":{\"@id\":\"https:\/\/gtsvn.com.vn\/cung-ung-nhan-su-it\/#breadcrumb\"},\"inLanguage\":\"en-US\",\"potentialAction\":[{\"@type\":\"ReadAction\",\"target\":[\"https:\/\/gtsvn.com.vn\/cung-ung-nhan-su-it\/\"]}]},{\"@type\":\"BreadcrumbList\",\"@id\":\"https:\/\/gtsvn.com.vn\/cung-ung-nhan-su-it\/#breadcrumb\",\"itemListElement\":[{\"@type\":\"ListItem\",\"position\":1,\"name\":\"GTS Vi\u1ec7t Nam\",\"item\":\"https:\/\/gtsvn.com.vn\/\"},{\"@type\":\"ListItem\",\"position\":2,\"name\":\"Cung \u1ee9ng nh\u00e2n s\u1ef1 IT\"}]},{\"@type\":\"WebSite\",\"@id\":\"https:\/\/gtsvn.com.vn\/en\/#website\",\"url\":\"https:\/\/gtsvn.com.vn\/en\/\",\"name\":\"GTS Vi\u1ec7t Nam\",\"description\":\"GTS Vi\u1ec7t Nam - Cung c\u1ea5p n\u1ec1n t\u1ea3ng chuy\u1ec3n \u0111\u1ed5i s\u1ed1, s\u1ed1 h\u00f3a cho doanh nghi\u1ec7p\",\"publisher\":{\"@id\":\"https:\/\/gtsvn.com.vn\/en\/#organization\"},\"potentialAction\":[{\"@type\":\"SearchAction\",\"target\":{\"@type\":\"EntryPoint\",\"urlTemplate\":\"https:\/\/gtsvn.com.vn\/en\/?s={search_term_string}\"},\"query-input\":\"required name=search_term_string\"}],\"inLanguage\":\"en-US\"},{\"@type\":\"Organization\",\"@id\":\"https:\/\/gtsvn.com.vn\/en\/#organization\",\"name\":\"GTS Vi\u1ec7t Nam\",\"url\":\"https:\/\/gtsvn.com.vn\/en\/\",\"logo\":{\"@type\":\"ImageObject\",\"inLanguage\":\"en-US\",\"@id\":\"https:\/\/gtsvn.com.vn\/en\/#\/schema\/logo\/image\/\",\"url\":\"https:\/\/gtsvn.com.vn\/wp-content\/uploads\/2022\/10\/gtsvn-cover.png\",\"contentUrl\":\"https:\/\/gtsvn.com.vn\/wp-content\/uploads\/2022\/10\/gtsvn-cover.png\",\"width\":1440,\"height\":810,\"caption\":\"GTS Vi\u1ec7t Nam\"},\"image\":{\"@id\":\"https:\/\/gtsvn.com.vn\/en\/#\/schema\/logo\/image\/\"}}]}<\/script>\n<!-- \/ Yoast SEO plugin. -->","yoast_head_json":{"title":"Cung \u1ee9ng nh\u00e2n s\u1ef1 IT - GTS Vi\u1ec7t Nam","robots":{"index":"index","follow":"follow","max-snippet":"max-snippet:-1","max-image-preview":"max-image-preview:large","max-video-preview":"max-video-preview:-1"},"canonical":"https:\/\/gtsvn.com.vn\/en\/cung-ung-nhan-su-it\/","og_locale":"en_US","og_type":"article","og_title":"Cung \u1ee9ng nh\u00e2n s\u1ef1 IT - GTS Vi\u1ec7t Nam","og_description":"CUNG \u1ee8NG NH\u00c2N S\u1ef0 IT &nbsp; GTS Vi\u1ec7t Nam c\u00f3 th\u1ebf m\u1ea1nh v\u1ec1 \u0111\u1ed9i ng\u0169 chuy\u00ean gia c\u00f3 tr\u00ecnh \u0111\u1ed9 cao v\u1edbi nhi\u1ec1u n\u0103m l\u00e0m vi\u1ec7c trong l\u0129nh v\u1ef1c C\u00f4ng ngh\u1ec7 th\u00f4ng tin v\u1edbi c\u00e1c kh\u00e1ch h\u00e0ng \u0111\u1ebfn t\u1eeb Vi\u1ec7t Nam v\u00e0 nhi\u1ec1u n\u01b0\u1edbc tr\u00ean th\u1ebf gi\u1edbi. CH\u00daNG T\u00d4I L\u00c0M G\u00cc &nbsp; B\u1ea1n \u0111ang t\u00ecm...","og_url":"https:\/\/gtsvn.com.vn\/en\/cung-ung-nhan-su-it\/","og_site_name":"GTS Vi\u1ec7t Nam","article_modified_time":"2023-05-24T07:47:25+00:00","og_image":[{"url":"https:\/\/gtsvn.com.vn\/wp-content\/uploads\/2023\/05\/Screen-Shot-2023-05-24-at-13.29.56.png"}],"twitter_card":"summary_large_image","twitter_misc":{"Est. reading time":"4 minutes"},"schema":{"@context":"https:\/\/schema.org","@graph":[{"@type":"WebPage","@id":"https:\/\/gtsvn.com.vn\/cung-ung-nhan-su-it\/","url":"https:\/\/gtsvn.com.vn\/cung-ung-nhan-su-it\/","name":"Cung \u1ee9ng nh\u00e2n s\u1ef1 IT - GTS Vi\u1ec7t Nam","isPartOf":{"@id":"https:\/\/gtsvn.com.vn\/en\/#website"},"datePublished":"2023-05-24T06:22:42+00:00","dateModified":"2023-05-24T07:47:25+00:00","breadcrumb":{"@id":"https:\/\/gtsvn.com.vn\/cung-ung-nhan-su-it\/#breadcrumb"},"inLanguage":"en-US","potentialAction":[{"@type":"ReadAction","target":["https:\/\/gtsvn.com.vn\/cung-ung-nhan-su-it\/"]}]},{"@type":"BreadcrumbList","@id":"https:\/\/gtsvn.com.vn\/cung-ung-nhan-su-it\/#breadcrumb","itemListElement":[{"@type":"ListItem","position":1,"name":"GTS Vi\u1ec7t Nam","item":"https:\/\/gtsvn.com.vn\/"},{"@type":"ListItem","position":2,"name":"Cung \u1ee9ng nh\u00e2n s\u1ef1 IT"}]},{"@type":"WebSite","@id":"https:\/\/gtsvn.com.vn\/en\/#website","url":"https:\/\/gtsvn.com.vn\/en\/","name":"GTS Vi\u1ec7t Nam","description":"GTS Vi\u1ec7t Nam - Cung c\u1ea5p n\u1ec1n t\u1ea3ng chuy\u1ec3n \u0111\u1ed5i s\u1ed1, s\u1ed1 h\u00f3a cho doanh nghi\u1ec7p","publisher":{"@id":"https:\/\/gtsvn.com.vn\/en\/#organization"},"potentialAction":[{"@type":"SearchAction","target":{"@type":"EntryPoint","urlTemplate":"https:\/\/gtsvn.com.vn\/en\/?s={search_term_string}"},"query-input":"required name=search_term_string"}],"inLanguage":"en-US"},{"@type":"Organization","@id":"https:\/\/gtsvn.com.vn\/en\/#organization","name":"GTS Vi\u1ec7t Nam","url":"https:\/\/gtsvn.com.vn\/en\/","logo":{"@type":"ImageObject","inLanguage":"en-US","@id":"https:\/\/gtsvn.com.vn\/en\/#\/schema\/logo\/image\/","url":"https:\/\/gtsvn.com.vn\/wp-content\/uploads\/2022\/10\/gtsvn-cover.png","contentUrl":"https:\/\/gtsvn.com.vn\/wp-content\/uploads\/2022\/10\/gtsvn-cover.png","width":1440,"height":810,"caption":"GTS Vi\u1ec7t Nam"},"image":{"@id":"https:\/\/gtsvn.com.vn\/en\/#\/schema\/logo\/image\/"}}]}},"_links":{"self":[{"href":"https:\/\/gtsvn.com.vn\/en\/wp-json\/wp\/v2\/pages\/5113","targetHints":{"allow":["GET"]}}],"collection":[{"href":"https:\/\/gtsvn.com.vn\/en\/wp-json\/wp\/v2\/pages"}],"about":[{"href":"https:\/\/gtsvn.com.vn\/en\/wp-json\/wp\/v2\/types\/page"}],"author":[{"embeddable":true,"href":"https:\/\/gtsvn.com.vn\/en\/wp-json\/wp\/v2\/users\/1"}],"replies":[{"embeddable":true,"href":"https:\/\/gtsvn.com.vn\/en\/wp-json\/wp\/v2\/comments?post=5113"}],"version-history":[{"count":19,"href":"https:\/\/gtsvn.com.vn\/en\/wp-json\/wp\/v2\/pages\/5113\/revisions"}],"predecessor-version":[{"id":5144,"href":"https:\/\/gtsvn.com.vn\/en\/wp-json\/wp\/v2\/pages\/5113\/revisions\/5144"}],"wp:attachment":[{"href":"https:\/\/gtsvn.com.vn\/en\/wp-json\/wp\/v2\/media?parent=5113"}],"curies":[{"name":"wp","href":"https:\/\/api.w.org\/{rel}","templated":true}]}}