{"id":4724,"date":"2022-09-06T04:24:30","date_gmt":"2022-09-06T04:24:30","guid":{"rendered":"http:\/\/localhost\/gtsvietnam\/?page_id=4724"},"modified":"2022-09-06T04:24:30","modified_gmt":"2022-09-06T04:24:30","slug":"dich-vu","status":"publish","type":"page","link":"https:\/\/gtsvn.com.vn\/en\/dich-vu\/","title":{"rendered":"Services"},"content":{"rendered":"","protected":false},"excerpt":{"rendered":"","protected":false},"author":1,"featured_media":0,"parent":0,"menu_order":0,"comment_status":"closed","ping_status":"closed","template":"page-sercive-gts.php","meta":{"footnotes":""},"class_list":["post-4724","page","type-page","status-publish","hentry"],"acf":[],"yoast_head":"<!-- This site is optimized with the Yoast SEO plugin v21.5 - https:\/\/yoast.com\/wordpress\/plugins\/seo\/ -->\n<title>D\u1ecbch v\u1ee5 - GTS Vi\u1ec7t Nam<\/title>\n<meta name=\"description\" content=\"Ch\u00fang t\u00f4i mang \u0111\u1ebfn h\u1ec7 sinh th\u00e1i c\u00e1c s\u1ea3n ph\u1ea9m gi\u00fap qu\u1ea3n l\u00fd doanh nghi\u1ec7p m\u1ed9t c\u00e1ch \u0111\u01a1n gi\u1ea3n v\u00e0 t\u1ed1i \u01b0u h\u01a1n.\" \/>\n<meta name=\"robots\" content=\"index, follow, max-snippet:-1, max-image-preview:large, max-video-preview:-1\" \/>\n<link rel=\"canonical\" href=\"https:\/\/gtsvn.com.vn\/en\/dich-vu\/\" \/>\n<meta property=\"og:locale\" content=\"en_US\" \/>\n<meta property=\"og:type\" content=\"article\" \/>\n<meta property=\"og:title\" content=\"D\u1ecbch v\u1ee5 - GTS Vi\u1ec7t Nam\" \/>\n<meta property=\"og:description\" content=\"Ch\u00fang t\u00f4i mang \u0111\u1ebfn h\u1ec7 sinh th\u00e1i c\u00e1c s\u1ea3n ph\u1ea9m gi\u00fap qu\u1ea3n l\u00fd doanh nghi\u1ec7p m\u1ed9t c\u00e1ch \u0111\u01a1n gi\u1ea3n v\u00e0 t\u1ed1i \u01b0u h\u01a1n.\" \/>\n<meta property=\"og:url\" content=\"https:\/\/gtsvn.com.vn\/en\/dich-vu\/\" \/>\n<meta property=\"og:site_name\" content=\"GTS Vi\u1ec7t Nam\" \/>\n<meta property=\"og:image\" content=\"https:\/\/gtsvn.com.vn\/wp-content\/uploads\/2022\/10\/gtsvn-cover.png\" \/>\n\t<meta property=\"og:image:width\" content=\"1440\" \/>\n\t<meta property=\"og:image:height\" content=\"810\" \/>\n\t<meta property=\"og:image:type\" content=\"image\/png\" \/>\n<meta name=\"twitter:card\" content=\"summary_large_image\" \/>\n<script type=\"application\/ld+json\" class=\"yoast-schema-graph\">{\"@context\":\"https:\/\/schema.org\",\"@graph\":[{\"@type\":\"WebPage\",\"@id\":\"https:\/\/gtsvn.com.vn\/vi\/dich-vu\/\",\"url\":\"https:\/\/gtsvn.com.vn\/vi\/dich-vu\/\",\"name\":\"D\u1ecbch v\u1ee5 - GTS Vi\u1ec7t Nam\",\"isPartOf\":{\"@id\":\"https:\/\/gtsvn.com.vn\/en\/#website\"},\"datePublished\":\"2022-09-06T04:24:30+00:00\",\"dateModified\":\"2022-09-06T04:24:30+00:00\",\"description\":\"Ch\u00fang t\u00f4i mang \u0111\u1ebfn h\u1ec7 sinh th\u00e1i c\u00e1c s\u1ea3n ph\u1ea9m gi\u00fap qu\u1ea3n l\u00fd doanh nghi\u1ec7p m\u1ed9t c\u00e1ch \u0111\u01a1n gi\u1ea3n v\u00e0 t\u1ed1i \u01b0u h\u01a1n.\",\"breadcrumb\":{\"@id\":\"https:\/\/gtsvn.com.vn\/vi\/dich-vu\/#breadcrumb\"},\"inLanguage\":\"en-US\",\"potentialAction\":[{\"@type\":\"ReadAction\",\"target\":[\"https:\/\/gtsvn.com.vn\/vi\/dich-vu\/\"]}]},{\"@type\":\"BreadcrumbList\",\"@id\":\"https:\/\/gtsvn.com.vn\/vi\/dich-vu\/#breadcrumb\",\"itemListElement\":[{\"@type\":\"ListItem\",\"position\":1,\"name\":\"GTS Vi\u1ec7t Nam\",\"item\":\"https:\/\/gtsvn.com.vn\/\"},{\"@type\":\"ListItem\",\"position\":2,\"name\":\"D\u1ecbch v\u1ee5\"}]},{\"@type\":\"WebSite\",\"@id\":\"https:\/\/gtsvn.com.vn\/en\/#website\",\"url\":\"https:\/\/gtsvn.com.vn\/en\/\",\"name\":\"GTS Vi\u1ec7t Nam\",\"description\":\"GTS Vi\u1ec7t Nam - Cung c\u1ea5p n\u1ec1n t\u1ea3ng chuy\u1ec3n \u0111\u1ed5i s\u1ed1, s\u1ed1 h\u00f3a cho doanh nghi\u1ec7p\",\"publisher\":{\"@id\":\"https:\/\/gtsvn.com.vn\/en\/#organization\"},\"potentialAction\":[{\"@type\":\"SearchAction\",\"target\":{\"@type\":\"EntryPoint\",\"urlTemplate\":\"https:\/\/gtsvn.com.vn\/en\/?s={search_term_string}\"},\"query-input\":\"required name=search_term_string\"}],\"inLanguage\":\"en-US\"},{\"@type\":\"Organization\",\"@id\":\"https:\/\/gtsvn.com.vn\/en\/#organization\",\"name\":\"GTS Vi\u1ec7t Nam\",\"url\":\"https:\/\/gtsvn.com.vn\/en\/\",\"logo\":{\"@type\":\"ImageObject\",\"inLanguage\":\"en-US\",\"@id\":\"https:\/\/gtsvn.com.vn\/en\/#\/schema\/logo\/image\/\",\"url\":\"https:\/\/gtsvn.com.vn\/wp-content\/uploads\/2022\/10\/gtsvn-cover.png\",\"contentUrl\":\"https:\/\/gtsvn.com.vn\/wp-content\/uploads\/2022\/10\/gtsvn-cover.png\",\"width\":1440,\"height\":810,\"caption\":\"GTS Vi\u1ec7t Nam\"},\"image\":{\"@id\":\"https:\/\/gtsvn.com.vn\/en\/#\/schema\/logo\/image\/\"}}]}<\/script>\n<!-- \/ Yoast SEO plugin. -->","yoast_head_json":{"title":"D\u1ecbch v\u1ee5 - GTS Vi\u1ec7t Nam","description":"Ch\u00fang t\u00f4i mang \u0111\u1ebfn h\u1ec7 sinh th\u00e1i c\u00e1c s\u1ea3n ph\u1ea9m gi\u00fap qu\u1ea3n l\u00fd doanh nghi\u1ec7p m\u1ed9t c\u00e1ch \u0111\u01a1n gi\u1ea3n v\u00e0 t\u1ed1i \u01b0u h\u01a1n.","robots":{"index":"index","follow":"follow","max-snippet":"max-snippet:-1","max-image-preview":"max-image-preview:large","max-video-preview":"max-video-preview:-1"},"canonical":"https:\/\/gtsvn.com.vn\/en\/dich-vu\/","og_locale":"en_US","og_type":"article","og_title":"D\u1ecbch v\u1ee5 - GTS Vi\u1ec7t Nam","og_description":"Ch\u00fang t\u00f4i mang \u0111\u1ebfn h\u1ec7 sinh th\u00e1i c\u00e1c s\u1ea3n ph\u1ea9m gi\u00fap qu\u1ea3n l\u00fd doanh nghi\u1ec7p m\u1ed9t c\u00e1ch \u0111\u01a1n gi\u1ea3n v\u00e0 t\u1ed1i \u01b0u h\u01a1n.","og_url":"https:\/\/gtsvn.com.vn\/en\/dich-vu\/","og_site_name":"GTS Vi\u1ec7t Nam","og_image":[{"width":1440,"height":810,"url":"https:\/\/gtsvn.com.vn\/wp-content\/uploads\/2022\/10\/gtsvn-cover.png","type":"image\/png"}],"twitter_card":"summary_large_image","schema":{"@context":"https:\/\/schema.org","@graph":[{"@type":"WebPage","@id":"https:\/\/gtsvn.com.vn\/vi\/dich-vu\/","url":"https:\/\/gtsvn.com.vn\/vi\/dich-vu\/","name":"D\u1ecbch v\u1ee5 - GTS Vi\u1ec7t Nam","isPartOf":{"@id":"https:\/\/gtsvn.com.vn\/en\/#website"},"datePublished":"2022-09-06T04:24:30+00:00","dateModified":"2022-09-06T04:24:30+00:00","description":"Ch\u00fang t\u00f4i mang \u0111\u1ebfn h\u1ec7 sinh th\u00e1i c\u00e1c s\u1ea3n ph\u1ea9m gi\u00fap qu\u1ea3n l\u00fd doanh nghi\u1ec7p m\u1ed9t c\u00e1ch \u0111\u01a1n gi\u1ea3n v\u00e0 t\u1ed1i \u01b0u h\u01a1n.","breadcrumb":{"@id":"https:\/\/gtsvn.com.vn\/vi\/dich-vu\/#breadcrumb"},"inLanguage":"en-US","potentialAction":[{"@type":"ReadAction","target":["https:\/\/gtsvn.com.vn\/vi\/dich-vu\/"]}]},{"@type":"BreadcrumbList","@id":"https:\/\/gtsvn.com.vn\/vi\/dich-vu\/#breadcrumb","itemListElement":[{"@type":"ListItem","position":1,"name":"GTS Vi\u1ec7t Nam","item":"https:\/\/gtsvn.com.vn\/"},{"@type":"ListItem","position":2,"name":"D\u1ecbch v\u1ee5"}]},{"@type":"WebSite","@id":"https:\/\/gtsvn.com.vn\/en\/#website","url":"https:\/\/gtsvn.com.vn\/en\/","name":"GTS Vi\u1ec7t Nam","description":"GTS Vi\u1ec7t Nam - Cung c\u1ea5p n\u1ec1n t\u1ea3ng chuy\u1ec3n \u0111\u1ed5i s\u1ed1, s\u1ed1 h\u00f3a cho doanh nghi\u1ec7p","publisher":{"@id":"https:\/\/gtsvn.com.vn\/en\/#organization"},"potentialAction":[{"@type":"SearchAction","target":{"@type":"EntryPoint","urlTemplate":"https:\/\/gtsvn.com.vn\/en\/?s={search_term_string}"},"query-input":"required name=search_term_string"}],"inLanguage":"en-US"},{"@type":"Organization","@id":"https:\/\/gtsvn.com.vn\/en\/#organization","name":"GTS Vi\u1ec7t Nam","url":"https:\/\/gtsvn.com.vn\/en\/","logo":{"@type":"ImageObject","inLanguage":"en-US","@id":"https:\/\/gtsvn.com.vn\/en\/#\/schema\/logo\/image\/","url":"https:\/\/gtsvn.com.vn\/wp-content\/uploads\/2022\/10\/gtsvn-cover.png","contentUrl":"https:\/\/gtsvn.com.vn\/wp-content\/uploads\/2022\/10\/gtsvn-cover.png","width":1440,"height":810,"caption":"GTS Vi\u1ec7t Nam"},"image":{"@id":"https:\/\/gtsvn.com.vn\/en\/#\/schema\/logo\/image\/"}}]}},"_links":{"self":[{"href":"https:\/\/gtsvn.com.vn\/en\/wp-json\/wp\/v2\/pages\/4724","targetHints":{"allow":["GET"]}}],"collection":[{"href":"https:\/\/gtsvn.com.vn\/en\/wp-json\/wp\/v2\/pages"}],"about":[{"href":"https:\/\/gtsvn.com.vn\/en\/wp-json\/wp\/v2\/types\/page"}],"author":[{"embeddable":true,"href":"https:\/\/gtsvn.com.vn\/en\/wp-json\/wp\/v2\/users\/1"}],"replies":[{"embeddable":true,"href":"https:\/\/gtsvn.com.vn\/en\/wp-json\/wp\/v2\/comments?post=4724"}],"version-history":[{"count":1,"href":"https:\/\/gtsvn.com.vn\/en\/wp-json\/wp\/v2\/pages\/4724\/revisions"}],"predecessor-version":[{"id":4725,"href":"https:\/\/gtsvn.com.vn\/en\/wp-json\/wp\/v2\/pages\/4724\/revisions\/4725"}],"wp:attachment":[{"href":"https:\/\/gtsvn.com.vn\/en\/wp-json\/wp\/v2\/media?parent=4724"}],"curies":[{"name":"wp","href":"https:\/\/api.w.org\/{rel}","templated":true}]}}